{"id":83,"date":"2020-06-12T14:55:38","date_gmt":"2020-06-12T12:55:38","guid":{"rendered":"https:\/\/festifs-event.com\/?page_id=83"},"modified":"2026-01-19T15:28:01","modified_gmt":"2026-01-19T14:28:01","slug":"location-vehicules","status":"publish","type":"page","link":"https:\/\/festifs-event.com\/index.php\/25-2\/location-vehicules\/","title":{"rendered":"Location V\u00e9hicules"},"content":{"rendered":"\n\t<h1>Cars Event<\/h1>\n\t<h2>Ford Mustang Eleanor<\/h2>\n\t<blockquote><p>Pour votre mariage, une sortie, un anniversaire, un shooting, lancement de marque.<\/p>\n<p>Nous proposons une mustang v6 finition Eleanor int\u00e9rieur cuir rouge ligne d&rsquo;\u00e9chappement en mode libre avec une sonorit\u00e9 exceptionnelle !<\/p><\/blockquote>\n\t<h2>Mercedes e55 AMG Kompressor<\/h2>\n\t<blockquote><p>Mercedes classe e55 pour les amateurs ou connaisseurs, V8 Kompressor AMG Int\u00e9rieur cuir.<\/p>\n<p>Beaucoup de classe avec une puissance de 560ch pour vos \u00e9v\u00e9nements quel qu\u2019ils soient.<\/p><\/blockquote>\n\t<h2>Limousine Lincoln<\/h2>\n\t<blockquote><p>Quoi de mieux qu&rsquo;une Limousine pour ne pas passer inaper\u00e7u lors de vos soir\u00e9es ?<\/p>\n<p>Depuis votre domicile, lieu de travail ou autre, vous embarquerez \u00e0 bord d&rsquo;une somptueuse Limousine en direction du lieu de votre choix.<\/p>\n<p>&nbsp;<\/p><\/blockquote>\n\t<h2>Limousine c300 Chrysler<\/h2>\n\t<blockquote><p>Louer une limousine ou plusieurs limousines pouvant accueillir jusqu&rsquo;\u00e0 8 personnes avec chauffeur sur le bassin d\u2019Arcachon pour une soir\u00e9e, une id\u00e9e vraiment g\u00e9niale !<\/p>\n<p>Une arriv\u00e9e en Limousine est un must pour une soir\u00e9e r\u00e9ussie et remarqu\u00e9e! Vous pouvez profiter de la soir\u00e9e sans vous soucier du retour.<\/p><\/blockquote>\n\t\t\t<a href=\"https:\/\/festifs-event.com\/#contact\" target=\"_self\" role=\"button\">\n\t\t\t\t\t\t\tCONTACTEZ-NOUS\n\t\t\t\t\t<\/a>\n","protected":false},"excerpt":{"rendered":"<p>Cars Event Ford Mustang Eleanor Pour votre mariage, une sortie, un anniversaire, un shooting, lancement de marque. Nous proposons une mustang v6 finition Eleanor int\u00e9rieur&hellip;<\/p>\n","protected":false},"author":2,"featured_media":0,"parent":25,"menu_order":0,"comment_status":"closed","ping_status":"closed","template":"","meta":{"_exactmetrics_skip_tracking":false,"_exactmetrics_sitenote_active":false,"_exactmetrics_sitenote_note":"","_exactmetrics_sitenote_category":0,"footnotes":""},"class_list":["post-83","page","type-page","status-publish","hentry"],"yoast_head":"<!-- This site is optimized with the Yoast SEO plugin v25.6 - https:\/\/yoast.com\/wordpress\/plugins\/seo\/ -->\n<title>Location V\u00e9hicules - Festifs-Event<\/title>\n<meta name=\"robots\" content=\"index, follow, max-snippet:-1, max-image-preview:large, max-video-preview:-1\" \/>\n<link rel=\"canonical\" href=\"https:\/\/festifs-event.com\/index.php\/25-2\/location-vehicules\/\" \/>\n<meta property=\"og:locale\" content=\"fr_FR\" \/>\n<meta property=\"og:type\" content=\"article\" \/>\n<meta property=\"og:title\" content=\"Location V\u00e9hicules - Festifs-Event\" \/>\n<meta property=\"og:description\" content=\"Cars Event Ford Mustang Eleanor Pour votre mariage, une sortie, un anniversaire, un shooting, lancement de marque. Nous proposons une mustang v6 finition Eleanor int\u00e9rieur&hellip;\" \/>\n<meta property=\"og:url\" content=\"https:\/\/festifs-event.com\/index.php\/25-2\/location-vehicules\/\" \/>\n<meta property=\"og:site_name\" content=\"Festifs-Event\" \/>\n<meta property=\"article:modified_time\" content=\"2026-01-19T14:28:01+00:00\" \/>\n<meta name=\"twitter:card\" content=\"summary_large_image\" \/>\n<meta name=\"twitter:label1\" content=\"Dur\u00e9e de lecture estim\u00e9e\" \/>\n\t<meta name=\"twitter:data1\" content=\"1 minute\" \/>\n<script type=\"application\/ld+json\" class=\"yoast-schema-graph\">{\"@context\":\"https:\/\/schema.org\",\"@graph\":[{\"@type\":\"WebPage\",\"@id\":\"https:\/\/festifs-event.com\/index.php\/25-2\/location-vehicules\/\",\"url\":\"https:\/\/festifs-event.com\/index.php\/25-2\/location-vehicules\/\",\"name\":\"Location V\u00e9hicules - Festifs-Event\",\"isPartOf\":{\"@id\":\"https:\/\/festifs-event.com\/#website\"},\"datePublished\":\"2020-06-12T12:55:38+00:00\",\"dateModified\":\"2026-01-19T14:28:01+00:00\",\"breadcrumb\":{\"@id\":\"https:\/\/festifs-event.com\/index.php\/25-2\/location-vehicules\/#breadcrumb\"},\"inLanguage\":\"fr-FR\",\"potentialAction\":[{\"@type\":\"ReadAction\",\"target\":[\"https:\/\/festifs-event.com\/index.php\/25-2\/location-vehicules\/\"]}]},{\"@type\":\"BreadcrumbList\",\"@id\":\"https:\/\/festifs-event.com\/index.php\/25-2\/location-vehicules\/#breadcrumb\",\"itemListElement\":[{\"@type\":\"ListItem\",\"position\":1,\"name\":\"Accueil\",\"item\":\"https:\/\/festifs-event.com\/\"},{\"@type\":\"ListItem\",\"position\":2,\"name\":\"Accueil\",\"item\":\"https:\/\/festifs-event.com\/\"},{\"@type\":\"ListItem\",\"position\":3,\"name\":\"Location V\u00e9hicules\"}]},{\"@type\":\"WebSite\",\"@id\":\"https:\/\/festifs-event.com\/#website\",\"url\":\"https:\/\/festifs-event.com\/\",\"name\":\"Festifs-Event\",\"description\":\"Location de mat\u00e9riel pour mariages f\u00eates et bapt\u00eames sur le bassin d&#039;Arcachon\",\"publisher\":{\"@id\":\"https:\/\/festifs-event.com\/#organization\"},\"potentialAction\":[{\"@type\":\"SearchAction\",\"target\":{\"@type\":\"EntryPoint\",\"urlTemplate\":\"https:\/\/festifs-event.com\/?s={search_term_string}\"},\"query-input\":{\"@type\":\"PropertyValueSpecification\",\"valueRequired\":true,\"valueName\":\"search_term_string\"}}],\"inLanguage\":\"fr-FR\"},{\"@type\":\"Organization\",\"@id\":\"https:\/\/festifs-event.com\/#organization\",\"name\":\"Festifs-Event\",\"url\":\"https:\/\/festifs-event.com\/\",\"logo\":{\"@type\":\"ImageObject\",\"inLanguage\":\"fr-FR\",\"@id\":\"https:\/\/festifs-event.com\/#\/schema\/logo\/image\/\",\"url\":\"https:\/\/festifs-event.com\/wp-content\/uploads\/2020\/06\/cropped-unnamed.png\",\"contentUrl\":\"https:\/\/festifs-event.com\/wp-content\/uploads\/2020\/06\/cropped-unnamed.png\",\"width\":628,\"height\":329,\"caption\":\"Festifs-Event\"},\"image\":{\"@id\":\"https:\/\/festifs-event.com\/#\/schema\/logo\/image\/\"}}]}<\/script>\n<!-- \/ Yoast SEO plugin. -->","yoast_head_json":{"title":"Location V\u00e9hicules - Festifs-Event","robots":{"index":"index","follow":"follow","max-snippet":"max-snippet:-1","max-image-preview":"max-image-preview:large","max-video-preview":"max-video-preview:-1"},"canonical":"https:\/\/festifs-event.com\/index.php\/25-2\/location-vehicules\/","og_locale":"fr_FR","og_type":"article","og_title":"Location V\u00e9hicules - Festifs-Event","og_description":"Cars Event Ford Mustang Eleanor Pour votre mariage, une sortie, un anniversaire, un shooting, lancement de marque. Nous proposons une mustang v6 finition Eleanor int\u00e9rieur&hellip;","og_url":"https:\/\/festifs-event.com\/index.php\/25-2\/location-vehicules\/","og_site_name":"Festifs-Event","article_modified_time":"2026-01-19T14:28:01+00:00","twitter_card":"summary_large_image","twitter_misc":{"Dur\u00e9e de lecture estim\u00e9e":"1 minute"},"schema":{"@context":"https:\/\/schema.org","@graph":[{"@type":"WebPage","@id":"https:\/\/festifs-event.com\/index.php\/25-2\/location-vehicules\/","url":"https:\/\/festifs-event.com\/index.php\/25-2\/location-vehicules\/","name":"Location V\u00e9hicules - Festifs-Event","isPartOf":{"@id":"https:\/\/festifs-event.com\/#website"},"datePublished":"2020-06-12T12:55:38+00:00","dateModified":"2026-01-19T14:28:01+00:00","breadcrumb":{"@id":"https:\/\/festifs-event.com\/index.php\/25-2\/location-vehicules\/#breadcrumb"},"inLanguage":"fr-FR","potentialAction":[{"@type":"ReadAction","target":["https:\/\/festifs-event.com\/index.php\/25-2\/location-vehicules\/"]}]},{"@type":"BreadcrumbList","@id":"https:\/\/festifs-event.com\/index.php\/25-2\/location-vehicules\/#breadcrumb","itemListElement":[{"@type":"ListItem","position":1,"name":"Accueil","item":"https:\/\/festifs-event.com\/"},{"@type":"ListItem","position":2,"name":"Accueil","item":"https:\/\/festifs-event.com\/"},{"@type":"ListItem","position":3,"name":"Location V\u00e9hicules"}]},{"@type":"WebSite","@id":"https:\/\/festifs-event.com\/#website","url":"https:\/\/festifs-event.com\/","name":"Festifs-Event","description":"Location de mat\u00e9riel pour mariages f\u00eates et bapt\u00eames sur le bassin d&#039;Arcachon","publisher":{"@id":"https:\/\/festifs-event.com\/#organization"},"potentialAction":[{"@type":"SearchAction","target":{"@type":"EntryPoint","urlTemplate":"https:\/\/festifs-event.com\/?s={search_term_string}"},"query-input":{"@type":"PropertyValueSpecification","valueRequired":true,"valueName":"search_term_string"}}],"inLanguage":"fr-FR"},{"@type":"Organization","@id":"https:\/\/festifs-event.com\/#organization","name":"Festifs-Event","url":"https:\/\/festifs-event.com\/","logo":{"@type":"ImageObject","inLanguage":"fr-FR","@id":"https:\/\/festifs-event.com\/#\/schema\/logo\/image\/","url":"https:\/\/festifs-event.com\/wp-content\/uploads\/2020\/06\/cropped-unnamed.png","contentUrl":"https:\/\/festifs-event.com\/wp-content\/uploads\/2020\/06\/cropped-unnamed.png","width":628,"height":329,"caption":"Festifs-Event"},"image":{"@id":"https:\/\/festifs-event.com\/#\/schema\/logo\/image\/"}}]}},"_links":{"self":[{"href":"https:\/\/festifs-event.com\/index.php\/wp-json\/wp\/v2\/pages\/83","targetHints":{"allow":["GET"]}}],"collection":[{"href":"https:\/\/festifs-event.com\/index.php\/wp-json\/wp\/v2\/pages"}],"about":[{"href":"https:\/\/festifs-event.com\/index.php\/wp-json\/wp\/v2\/types\/page"}],"author":[{"embeddable":true,"href":"https:\/\/festifs-event.com\/index.php\/wp-json\/wp\/v2\/users\/2"}],"replies":[{"embeddable":true,"href":"https:\/\/festifs-event.com\/index.php\/wp-json\/wp\/v2\/comments?post=83"}],"version-history":[{"count":31,"href":"https:\/\/festifs-event.com\/index.php\/wp-json\/wp\/v2\/pages\/83\/revisions"}],"predecessor-version":[{"id":727,"href":"https:\/\/festifs-event.com\/index.php\/wp-json\/wp\/v2\/pages\/83\/revisions\/727"}],"up":[{"embeddable":true,"href":"https:\/\/festifs-event.com\/index.php\/wp-json\/wp\/v2\/pages\/25"}],"wp:attachment":[{"href":"https:\/\/festifs-event.com\/index.php\/wp-json\/wp\/v2\/media?parent=83"}],"curies":[{"name":"wp","href":"https:\/\/api.w.org\/{rel}","templated":true}]}}