{"id":475,"date":"2021-01-15T11:53:08","date_gmt":"2021-01-15T10:53:08","guid":{"rendered":"https:\/\/festifs-event.com\/?page_id=475"},"modified":"2021-01-15T12:04:34","modified_gmt":"2021-01-15T11:04:34","slug":"plan-du-site","status":"publish","type":"page","link":"https:\/\/festifs-event.com\/index.php\/plan-du-site\/","title":{"rendered":"Plan du site"},"content":{"rendered":"\n<p> <strong><div class=\"wsp-container\"><h2 class=\"wsp-pages-title\">Pages<\/h2>\n<ul class=\"wsp-pages-list\">\n<li class=\"page_item page-item-25 page_item_has_children\"><a href=\"https:\/\/festifs-event.com\/\">Accueil<\/a>\n<ul class='children'>\n\t<li class=\"page_item page-item-81\"><a href=\"https:\/\/festifs-event.com\/index.php\/25-2\/evenements\/\">\u00c9v\u00e9nements<\/a><\/li>\n\t<li class=\"page_item page-item-219\"><a href=\"https:\/\/festifs-event.com\/index.php\/25-2\/location-materiels\/\">Location Mat\u00e9riels<\/a><\/li>\n\t<li class=\"page_item page-item-83\"><a href=\"https:\/\/festifs-event.com\/index.php\/25-2\/location-vehicules\/\">Location V\u00e9hicules<\/a><\/li>\n<\/ul>\n<\/li>\n<li class=\"page_item page-item-179\"><a href=\"https:\/\/festifs-event.com\/index.php\/galerie\/\">Galerie<\/a><\/li>\n<li class=\"page_item page-item-478\"><a href=\"https:\/\/festifs-event.com\/index.php\/mentions-legales\/\">Mentions l\u00e9gales<\/a><\/li>\n<li class=\"page_item page-item-475\"><a href=\"https:\/\/festifs-event.com\/index.php\/plan-du-site\/\">Plan du site<\/a><\/li>\n<li class=\"page_item page-item-3\"><a href=\"https:\/\/festifs-event.com\/index.php\/politique-de-confidentialite\/\">Politique de confidentialit\u00e9<\/a><\/li>\n<\/ul>\n<h2 class=\"wsp-posts-title\">Articles par cat\u00e9gorie<\/h2>\n<ul class=\"wsp-posts-list\">\n\t<li><strong class=\"wsp-category-title\">Cat\u00e9gorie\u00a0: <a href=\"https:\/\/festifs-event.com\/index.php\/category\/baby-shower\/\">Baby shower<\/a><\/strong>\n<ul class=\"wsp-posts-list\">\t\t<li class=\"wsp-post\"><a href=\"https:\/\/festifs-event.com\/index.php\/imaginez-lambiance-parfaite-pour-votre-evenement-nous-vous-aidons-a-la-concretiser-grace-a-notre-service-de-location-de-materiel-de-decoration-laissez-libre-cours-a-votre-creativite-que\/\">Location de Mat\u00e9riel et D\u00e9cors : Donnez Vie \u00e0 Tous Vos \u00c9v\u00e9nements !<\/a><\/li>\n<\/ul><\/li>\n\t<li><strong class=\"wsp-category-title\">Cat\u00e9gorie\u00a0: <a href=\"https:\/\/festifs-event.com\/index.php\/category\/decorations-2\/\">D\u00e9corations<\/a><\/strong>\n<\/li>\n\t<li><strong class=\"wsp-category-title\">Cat\u00e9gorie\u00a0: <a href=\"https:\/\/festifs-event.com\/index.php\/category\/location-voiture\/\">location voiture<\/a><\/strong>\n<ul class=\"wsp-posts-list\">\t\t<li class=\"wsp-post\"><a href=\"https:\/\/festifs-event.com\/index.php\/louez-la-voiture-de-vos-reves-pour-un-evenement-inoubliable\/\">Louez la Voiture de Vos R\u00eaves pour un \u00c9v\u00e9nement Inoubliable<\/a><\/li>\n<\/ul><\/li>\n\t<li><strong class=\"wsp-category-title\">Cat\u00e9gorie\u00a0: <a href=\"https:\/\/festifs-event.com\/index.php\/category\/taureau-mecanique\/\">Taureau m\u00e9canique<\/a><\/strong>\n<ul class=\"wsp-posts-list\">\t\t<li class=\"wsp-post\"><a href=\"https:\/\/festifs-event.com\/index.php\/defiez-le-taureau-mecanique-qui-tiendra-le-plus-longtemps\/\">D\u00e9fiez le Taureau M\u00e9canique : Qui Tiendra le Plus Longtemps ?<\/a><\/li>\n<\/ul><\/li>\n<\/ul>\n<\/div><\/strong> <\/p>\n","protected":false},"excerpt":{"rendered":"","protected":false},"author":1,"featured_media":0,"parent":0,"menu_order":0,"comment_status":"closed","ping_status":"closed","template":"","meta":{"_exactmetrics_skip_tracking":false,"_exactmetrics_sitenote_active":false,"_exactmetrics_sitenote_note":"","_exactmetrics_sitenote_category":0,"footnotes":""},"class_list":["post-475","page","type-page","status-publish","hentry"],"yoast_head":"<!-- This site is optimized with the Yoast SEO plugin v25.6 - https:\/\/yoast.com\/wordpress\/plugins\/seo\/ -->\n<title>Plan du site - Festifs-Event<\/title>\n<meta name=\"robots\" content=\"index, follow, max-snippet:-1, max-image-preview:large, max-video-preview:-1\" \/>\n<link rel=\"canonical\" href=\"https:\/\/festifs-event.com\/index.php\/plan-du-site\/\" \/>\n<meta property=\"og:locale\" content=\"fr_FR\" \/>\n<meta property=\"og:type\" content=\"article\" \/>\n<meta property=\"og:title\" content=\"Plan du site - Festifs-Event\" \/>\n<meta property=\"og:url\" content=\"https:\/\/festifs-event.com\/index.php\/plan-du-site\/\" \/>\n<meta property=\"og:site_name\" content=\"Festifs-Event\" \/>\n<meta property=\"article:modified_time\" content=\"2021-01-15T11:04:34+00:00\" \/>\n<meta name=\"twitter:card\" content=\"summary_large_image\" \/>\n<script type=\"application\/ld+json\" class=\"yoast-schema-graph\">{\"@context\":\"https:\/\/schema.org\",\"@graph\":[{\"@type\":\"WebPage\",\"@id\":\"https:\/\/festifs-event.com\/index.php\/plan-du-site\/\",\"url\":\"https:\/\/festifs-event.com\/index.php\/plan-du-site\/\",\"name\":\"Plan du site - Festifs-Event\",\"isPartOf\":{\"@id\":\"https:\/\/festifs-event.com\/#website\"},\"datePublished\":\"2021-01-15T10:53:08+00:00\",\"dateModified\":\"2021-01-15T11:04:34+00:00\",\"breadcrumb\":{\"@id\":\"https:\/\/festifs-event.com\/index.php\/plan-du-site\/#breadcrumb\"},\"inLanguage\":\"fr-FR\",\"potentialAction\":[{\"@type\":\"ReadAction\",\"target\":[\"https:\/\/festifs-event.com\/index.php\/plan-du-site\/\"]}]},{\"@type\":\"BreadcrumbList\",\"@id\":\"https:\/\/festifs-event.com\/index.php\/plan-du-site\/#breadcrumb\",\"itemListElement\":[{\"@type\":\"ListItem\",\"position\":1,\"name\":\"Accueil\",\"item\":\"https:\/\/festifs-event.com\/\"},{\"@type\":\"ListItem\",\"position\":2,\"name\":\"Plan du site\"}]},{\"@type\":\"WebSite\",\"@id\":\"https:\/\/festifs-event.com\/#website\",\"url\":\"https:\/\/festifs-event.com\/\",\"name\":\"Festifs-Event\",\"description\":\"Location de mat\u00e9riel pour mariages f\u00eates et bapt\u00eames sur le bassin d&#039;Arcachon\",\"publisher\":{\"@id\":\"https:\/\/festifs-event.com\/#organization\"},\"potentialAction\":[{\"@type\":\"SearchAction\",\"target\":{\"@type\":\"EntryPoint\",\"urlTemplate\":\"https:\/\/festifs-event.com\/?s={search_term_string}\"},\"query-input\":{\"@type\":\"PropertyValueSpecification\",\"valueRequired\":true,\"valueName\":\"search_term_string\"}}],\"inLanguage\":\"fr-FR\"},{\"@type\":\"Organization\",\"@id\":\"https:\/\/festifs-event.com\/#organization\",\"name\":\"Festifs-Event\",\"url\":\"https:\/\/festifs-event.com\/\",\"logo\":{\"@type\":\"ImageObject\",\"inLanguage\":\"fr-FR\",\"@id\":\"https:\/\/festifs-event.com\/#\/schema\/logo\/image\/\",\"url\":\"https:\/\/festifs-event.com\/wp-content\/uploads\/2020\/06\/cropped-unnamed.png\",\"contentUrl\":\"https:\/\/festifs-event.com\/wp-content\/uploads\/2020\/06\/cropped-unnamed.png\",\"width\":628,\"height\":329,\"caption\":\"Festifs-Event\"},\"image\":{\"@id\":\"https:\/\/festifs-event.com\/#\/schema\/logo\/image\/\"}}]}<\/script>\n<!-- \/ Yoast SEO plugin. -->","yoast_head_json":{"title":"Plan du site - Festifs-Event","robots":{"index":"index","follow":"follow","max-snippet":"max-snippet:-1","max-image-preview":"max-image-preview:large","max-video-preview":"max-video-preview:-1"},"canonical":"https:\/\/festifs-event.com\/index.php\/plan-du-site\/","og_locale":"fr_FR","og_type":"article","og_title":"Plan du site - Festifs-Event","og_url":"https:\/\/festifs-event.com\/index.php\/plan-du-site\/","og_site_name":"Festifs-Event","article_modified_time":"2021-01-15T11:04:34+00:00","twitter_card":"summary_large_image","schema":{"@context":"https:\/\/schema.org","@graph":[{"@type":"WebPage","@id":"https:\/\/festifs-event.com\/index.php\/plan-du-site\/","url":"https:\/\/festifs-event.com\/index.php\/plan-du-site\/","name":"Plan du site - Festifs-Event","isPartOf":{"@id":"https:\/\/festifs-event.com\/#website"},"datePublished":"2021-01-15T10:53:08+00:00","dateModified":"2021-01-15T11:04:34+00:00","breadcrumb":{"@id":"https:\/\/festifs-event.com\/index.php\/plan-du-site\/#breadcrumb"},"inLanguage":"fr-FR","potentialAction":[{"@type":"ReadAction","target":["https:\/\/festifs-event.com\/index.php\/plan-du-site\/"]}]},{"@type":"BreadcrumbList","@id":"https:\/\/festifs-event.com\/index.php\/plan-du-site\/#breadcrumb","itemListElement":[{"@type":"ListItem","position":1,"name":"Accueil","item":"https:\/\/festifs-event.com\/"},{"@type":"ListItem","position":2,"name":"Plan du site"}]},{"@type":"WebSite","@id":"https:\/\/festifs-event.com\/#website","url":"https:\/\/festifs-event.com\/","name":"Festifs-Event","description":"Location de mat\u00e9riel pour mariages f\u00eates et bapt\u00eames sur le bassin d&#039;Arcachon","publisher":{"@id":"https:\/\/festifs-event.com\/#organization"},"potentialAction":[{"@type":"SearchAction","target":{"@type":"EntryPoint","urlTemplate":"https:\/\/festifs-event.com\/?s={search_term_string}"},"query-input":{"@type":"PropertyValueSpecification","valueRequired":true,"valueName":"search_term_string"}}],"inLanguage":"fr-FR"},{"@type":"Organization","@id":"https:\/\/festifs-event.com\/#organization","name":"Festifs-Event","url":"https:\/\/festifs-event.com\/","logo":{"@type":"ImageObject","inLanguage":"fr-FR","@id":"https:\/\/festifs-event.com\/#\/schema\/logo\/image\/","url":"https:\/\/festifs-event.com\/wp-content\/uploads\/2020\/06\/cropped-unnamed.png","contentUrl":"https:\/\/festifs-event.com\/wp-content\/uploads\/2020\/06\/cropped-unnamed.png","width":628,"height":329,"caption":"Festifs-Event"},"image":{"@id":"https:\/\/festifs-event.com\/#\/schema\/logo\/image\/"}}]}},"_links":{"self":[{"href":"https:\/\/festifs-event.com\/index.php\/wp-json\/wp\/v2\/pages\/475","targetHints":{"allow":["GET"]}}],"collection":[{"href":"https:\/\/festifs-event.com\/index.php\/wp-json\/wp\/v2\/pages"}],"about":[{"href":"https:\/\/festifs-event.com\/index.php\/wp-json\/wp\/v2\/types\/page"}],"author":[{"embeddable":true,"href":"https:\/\/festifs-event.com\/index.php\/wp-json\/wp\/v2\/users\/1"}],"replies":[{"embeddable":true,"href":"https:\/\/festifs-event.com\/index.php\/wp-json\/wp\/v2\/comments?post=475"}],"version-history":[{"count":1,"href":"https:\/\/festifs-event.com\/index.php\/wp-json\/wp\/v2\/pages\/475\/revisions"}],"predecessor-version":[{"id":476,"href":"https:\/\/festifs-event.com\/index.php\/wp-json\/wp\/v2\/pages\/475\/revisions\/476"}],"wp:attachment":[{"href":"https:\/\/festifs-event.com\/index.php\/wp-json\/wp\/v2\/media?parent=475"}],"curies":[{"name":"wp","href":"https:\/\/api.w.org\/{rel}","templated":true}]}}