{"id":25,"date":"2020-06-12T09:17:10","date_gmt":"2020-06-12T07:17:10","guid":{"rendered":"https:\/\/festifs-event.com\/?page_id=25"},"modified":"2026-02-09T13:03:31","modified_gmt":"2026-02-09T12:03:31","slug":"25-2","status":"publish","type":"page","link":"https:\/\/festifs-event.com\/","title":{"rendered":"Accueil"},"content":{"rendered":"\n\t<h1>Festifs Event<\/h1>\n\t<h2>PR\u00c9SENTATION<\/h2>\n\t\t\t\t<img loading=\"lazy\" decoding=\"async\" src=\"https:\/\/festifs-event.com\/wp-content\/uploads\/2020\/06\/2-2.jpg\" alt=\"Mustang Eleanor\" itemprop=\"image\" height=\"962\" width=\"1280\" title=\"Mustang Eleanor Face Avant\" onerror=\"this.style.display='none'\"  \/>\n\t<p><strong>Festifs Event <\/strong>est votre nouveau prestataire pour l&rsquo;\u00e9v\u00e9nementiel, tables, chaises, chapiteaux, mange-debout, sans oublier les enfants : structures gonflables, candy bar, barbe \u00e0 papa, pop-corn.<\/p>\n<p>Chaque \u00e9v\u00e9nement \u00e0 son importance que ce soit un mariage, un anniversaire ou une autre c\u00e9l\u00e9bration. C\u2019est pourquoi l\u2019\u00e9quipe mettra tout en \u0153uvre pour que vous passiez une journ\u00e9e \u00e0 la hauteur de vos esp\u00e9rances sur <strong>la bassin d&rsquo;Arcachon ou la r\u00e9gion Bordelaise.<\/strong><\/p>\n\t<h2>LOCATIONS<\/h2>\n\t<h3>Mat\u00e9riels<\/h3>\n\t<ul>\n<li>Tentes de r\u00e9ception<\/li>\n<li>Bornes photos<\/li>\n<li>Taureau m\u00e9canique<\/li>\n<li>Structures gonflables<\/li>\n<li>Machine pop corn<\/li>\n<li>Stand de p\u00eaches aux canards<\/li>\n<li>Machine barbe \u00e0 papa<\/li>\n<li>Robes Ga\u00ebl Cr\u00e9ation<\/li>\n<li>Et de multiples accessoires &#8230;<\/li>\n<\/ul>\n\t\t\t<a href=\"https:\/\/festifs-event.com\/index.php\/location-materiels\/\" target=\"_self\" role=\"button\">\n\t\t\t\t\t\t\tEn savoir plus\n\t\t\t\t\t<\/a>\n\t\t\t\t<img loading=\"lazy\" decoding=\"async\" src=\"https:\/\/festifs-event.com\/wp-content\/uploads\/2020\/06\/myposter_collage_20200612-scaled.jpg\" alt=\"Collage\" itemprop=\"image\" height=\"2560\" width=\"2547\" title=\"Collage\" onerror=\"this.style.display='none'\"  \/>\n\t<h3>V\u00e9hicules<\/h3>\n\t<iframe loading=\"lazy\" width=\"560\" height=\"315\" src=\"https:\/\/www.youtube.com\/embed\/WyTgm_HYiMg\" frameborder=\"0\" allow=\"accelerometer; autoplay; encrypted-media; gyroscope; picture-in-picture\" allowfullscreen><\/iframe>\n\t<ul>\n<li>Ford Mustang Eleanor<\/li>\n<li>Porsche Cayenne v8 finition Magnum<\/li>\n<li>Limousine Lincoln<\/li>\n<li>Limousine c300 Chrysler<\/li>\n<li>Mercedes Vito 6 places<\/li>\n<li>Mercedes CLK cabriolet<\/li>\n<li>Mercedes e55 AMG Kompressor<\/li>\n<\/ul>\n\t\t\t<a href=\"https:\/\/festifs-event.com\/index.php\/25-2\/location-vehicules\/\" target=\"_self\" role=\"button\">\n\t\t\t\t\t\t\tEn savoir plus\n\t\t\t\t\t<\/a>\n\t<h2>\u00c9V\u00c9NEMENTS<\/h2>\n\t\t\t\t<a href=\"https:\/\/festifs-event.com\/index.php\/25-2\/evenements\/#mariage\" target=\"_self\" itemprop=\"url\">\n\t\t\t\t<img loading=\"lazy\" decoding=\"async\" src=\"https:\/\/festifs-event.com\/wp-content\/uploads\/2020\/06\/coeur.jpg\" alt=\"Mariage\" itemprop=\"image\" height=\"719\" width=\"1280\" title=\"Mariage\" onerror=\"this.style.display='none'\"  \/>\n\t\t\t\t<\/a>\n\t<h3>MARIAGES<\/h3>\n\t\t\t\t<a href=\"https:\/\/festifs-event.com\/index.php\/25-2\/evenements\/#bbshower\" target=\"_self\" itemprop=\"url\">\n\t\t\t\t<img loading=\"lazy\" decoding=\"async\" src=\"https:\/\/festifs-event.com\/wp-content\/uploads\/2020\/06\/4-1.jpg\" alt=\"4\" itemprop=\"image\" height=\"719\" width=\"1280\" title=\"4\" onerror=\"this.style.display='none'\"  \/>\n\t\t\t\t<\/a>\n\t<h3>BABY SHOWER<\/h3>\n\t\t\t\t<a href=\"https:\/\/festifs-event.com\/index.php\/25-2\/evenements\/#bapteme\" target=\"_self\" itemprop=\"url\">\n\t\t\t\t<img loading=\"lazy\" decoding=\"async\" src=\"https:\/\/festifs-event.com\/wp-content\/uploads\/2020\/06\/2-1.jpg\" alt=\"Photo de la pr\u00e9paration d&#039;une salle pour un Bapt\u00eame\" itemprop=\"image\" height=\"962\" width=\"1280\" title=\"bapteme\" onerror=\"this.style.display='none'\"  \/>\n\t\t\t\t<\/a>\n\t<h3>BAPT\u00caMES<\/h3>\n\t\t\t\t<a href=\"https:\/\/festifs-event.com\/index.php\/25-2\/evenements\/#anniversaire\" target=\"_self\" itemprop=\"url\">\n\t\t\t\t<img loading=\"lazy\" decoding=\"async\" src=\"https:\/\/festifs-event.com\/wp-content\/uploads\/2020\/06\/kdo.jpg\" alt=\"kdo\" itemprop=\"image\" height=\"720\" width=\"1280\" title=\"kdo\" onerror=\"this.style.display='none'\"  \/>\n\t\t\t\t<\/a>\n\t<h3>ANNIVERSAIRES<\/h3>\n\t<h4>Afin de voir plus de contenu et suivre notre actualit\u00e9s, rendez vous sur nos r\u00e9seaux sociaux, que vous retrouverez en<strong> <a href=\"#reseaux\">cliquant ici<\/a>.<\/strong><\/h4>\n\t<h2>CONTACT<\/h2>\n\t<style id=\"wpforms-css-vars-729\">\n\t\t\t\t#wpforms-729 {\n\t\t\t\t--wpforms-container-padding: 0px;\n--wpforms-container-border-width: 1px;\n--wpforms-container-border-radius: 3px;\n--wpforms-background-color: rgba(0, 0, 0, 0);\n--wpforms-field-size-input-height: 43px;\n--wpforms-field-size-input-spacing: 15px;\n--wpforms-field-size-font-size: 16px;\n--wpforms-field-size-line-height: 19px;\n--wpforms-field-size-padding-h: 14px;\n--wpforms-field-size-checkbox-size: 16px;\n--wpforms-field-size-sublabel-spacing: 5px;\n--wpforms-field-size-icon-size: 1;\n--wpforms-label-size-font-size: 16px;\n--wpforms-label-size-line-height: 19px;\n--wpforms-label-size-sublabel-font-size: 14px;\n--wpforms-label-size-sublabel-line-height: 17px;\n--wpforms-button-size-font-size: 17px;\n--wpforms-button-size-height: 41px;\n--wpforms-button-size-padding-h: 15px;\n--wpforms-button-size-margin-top: 10px;\n--wpforms-container-shadow-size-box-shadow: none;\n\t\t\t}\n\t\t\t<\/style><div class=\"wpforms-container wpforms-container-full wpforms-render-modern\" id=\"wpforms-729\"><form id=\"wpforms-form-729\" class=\"wpforms-validate wpforms-form wpforms-ajax-form\" data-formid=\"729\" method=\"post\" enctype=\"multipart\/form-data\" action=\"\/index.php\/wp-json\/wp\/v2\/pages\/25\" data-token=\"cf70fc384ce1e5ed5bccd8873a7a1919\" data-token-time=\"1776575778\"><noscript class=\"wpforms-error-noscript\">Veuillez activer JavaScript dans votre navigateur pour remplir ce formulaire.<\/noscript><div id=\"wpforms-error-noscript\" style=\"display: none;\">Veuillez activer JavaScript dans votre navigateur pour remplir ce formulaire.<\/div><div class=\"wpforms-field-container\"><div id=\"wpforms-729-field_1-container\" class=\"wpforms-field wpforms-field-name\" data-field-id=\"1\"><fieldset><legend class=\"wpforms-field-label\">Nom <span class=\"wpforms-required-label\" aria-hidden=\"true\">*<\/span><\/legend><div class=\"wpforms-field-row wpforms-field-medium\"><div class=\"wpforms-field-row-block wpforms-first wpforms-one-half\"><input type=\"text\" id=\"wpforms-729-field_1\" class=\"wpforms-field-name-first wpforms-field-required\" name=\"wpforms[fields][1][first]\" aria-errormessage=\"wpforms-729-field_1-error\" required><label for=\"wpforms-729-field_1\" class=\"wpforms-field-sublabel after\">Pr\u00e9nom<\/label><\/div><div class=\"wpforms-field-row-block wpforms-one-half\"><input type=\"text\" id=\"wpforms-729-field_1-last\" class=\"wpforms-field-name-last wpforms-field-required\" name=\"wpforms[fields][1][last]\" aria-errormessage=\"wpforms-729-field_1-last-error\" required><label for=\"wpforms-729-field_1-last\" class=\"wpforms-field-sublabel after\">Nom<\/label><\/div><\/div><\/fieldset><\/div>\t\t<div id=\"wpforms-729-field_4-container\"\n\t\t\tclass=\"wpforms-field wpforms-field-text\"\n\t\t\tdata-field-type=\"text\"\n\t\t\tdata-field-id=\"4\"\n\t\t\t>\n\t\t\t<label class=\"wpforms-field-label\" for=\"wpforms-729-field_4\" >ou message Nom<\/label>\n\t\t\t<input type=\"text\" id=\"wpforms-729-field_4\" class=\"wpforms-field-medium\" name=\"wpforms[fields][4]\" >\n\t\t<\/div>\n\t\t<div id=\"wpforms-729-field_2-container\" class=\"wpforms-field wpforms-field-email\" data-field-id=\"2\"><label class=\"wpforms-field-label\" for=\"wpforms-729-field_2\">E-mail <span class=\"wpforms-required-label\" aria-hidden=\"true\">*<\/span><\/label><input type=\"email\" id=\"wpforms-729-field_2\" class=\"wpforms-field-medium wpforms-field-required\" name=\"wpforms[fields][2]\" spellcheck=\"false\" aria-errormessage=\"wpforms-729-field_2-error\" required><\/div><div id=\"wpforms-729-field_3-container\" class=\"wpforms-field wpforms-field-textarea\" data-field-id=\"3\"><label class=\"wpforms-field-label\" for=\"wpforms-729-field_3\">Commentaire ou message<\/label><textarea id=\"wpforms-729-field_3\" class=\"wpforms-field-medium\" name=\"wpforms[fields][3]\" aria-errormessage=\"wpforms-729-field_3-error\" ><\/textarea><\/div><script>\n\t\t\t\t( function() {\n\t\t\t\t\tconst style = document.createElement( 'style' );\n\t\t\t\t\tstyle.appendChild( document.createTextNode( '#wpforms-729-field_4-container { position: absolute !important; overflow: hidden !important; display: inline !important; height: 1px !important; width: 1px !important; z-index: -1000 !important; padding: 0 !important; } #wpforms-729-field_4-container input { visibility: hidden; } #wpforms-conversational-form-page #wpforms-729-field_4-container label { counter-increment: none; }' ) );\n\t\t\t\t\tdocument.head.appendChild( style );\n\t\t\t\t\tdocument.currentScript?.remove();\n\t\t\t\t} )();\n\t\t\t<\/script><\/div><!-- .wpforms-field-container --><div class=\"wpforms-recaptcha-container wpforms-is-hcaptcha\" ><div class=\"h-captcha\" data-sitekey=\"73b66bee-eb0a-4970-8fd4-e740744007fe\"><\/div><input type=\"text\" name=\"g-recaptcha-hidden\" class=\"wpforms-recaptcha-hidden\" style=\"position:absolute!important;clip:rect(0,0,0,0)!important;height:1px!important;width:1px!important;border:0!important;overflow:hidden!important;padding:0!important;margin:0!important;\" data-rule-hcaptcha=\"1\"><\/div><div class=\"wpforms-submit-container\" ><input type=\"hidden\" name=\"wpforms[id]\" value=\"729\"><input type=\"hidden\" name=\"page_title\" value=\"\"><input type=\"hidden\" name=\"page_url\" value=\"https:\/\/festifs-event.com\/index.php\/wp-json\/wp\/v2\/pages\/25\"><input type=\"hidden\" name=\"url_referer\" value=\"\"><button type=\"submit\" name=\"wpforms[submit]\" id=\"wpforms-submit-729\" class=\"wpforms-submit\" data-alt-text=\"Envoi...\" data-submit-text=\"Envoyer\" aria-live=\"assertive\" value=\"wpforms-submit\">Envoyer<\/button><img loading=\"lazy\" decoding=\"async\" src=\"https:\/\/festifs-event.com\/wp-content\/plugins\/wpforms-lite\/assets\/images\/submit-spin.svg\" class=\"wpforms-submit-spinner\" style=\"display: none;\" width=\"26\" height=\"26\" alt=\"Chargement en cours\"><\/div><\/form><\/div>  <!-- .wpforms-container -->\n","protected":false},"excerpt":{"rendered":"<p>Festifs Event PR\u00c9SENTATION Festifs Event est votre nouveau prestataire pour l&rsquo;\u00e9v\u00e9nementiel, tables, chaises, chapiteaux, mange-debout, sans oublier les enfants : structures gonflables, candy bar, barbe&hellip;<\/p>\n","protected":false},"author":2,"featured_media":214,"parent":0,"menu_order":0,"comment_status":"closed","ping_status":"closed","template":"","meta":{"_exactmetrics_skip_tracking":false,"_exactmetrics_sitenote_active":false,"_exactmetrics_sitenote_note":"","_exactmetrics_sitenote_category":0,"footnotes":""},"class_list":["post-25","page","type-page","status-publish","has-post-thumbnail","hentry"],"yoast_head":"<!-- This site is optimized with the Yoast SEO plugin v25.6 - https:\/\/yoast.com\/wordpress\/plugins\/seo\/ -->\n<title>Accueil - Festifs-Event<\/title>\n<meta name=\"robots\" content=\"index, follow, max-snippet:-1, max-image-preview:large, max-video-preview:-1\" \/>\n<link rel=\"canonical\" href=\"https:\/\/festifs-event.com\/\" \/>\n<meta property=\"og:locale\" content=\"fr_FR\" \/>\n<meta property=\"og:type\" content=\"article\" \/>\n<meta property=\"og:title\" content=\"Accueil - Festifs-Event\" \/>\n<meta property=\"og:description\" content=\"Festifs Event PR\u00c9SENTATION Festifs Event est votre nouveau prestataire pour l&rsquo;\u00e9v\u00e9nementiel, tables, chaises, chapiteaux, mange-debout, sans oublier les enfants : structures gonflables, candy bar, barbe&hellip;\" \/>\n<meta property=\"og:url\" content=\"https:\/\/festifs-event.com\/\" \/>\n<meta property=\"og:site_name\" content=\"Festifs-Event\" \/>\n<meta property=\"article:modified_time\" content=\"2026-02-09T12:03:31+00:00\" \/>\n<meta property=\"og:image\" content=\"https:\/\/festifs-event.com\/wp-content\/uploads\/2020\/06\/limou.jpg\" \/>\n\t<meta property=\"og:image:width\" content=\"1280\" \/>\n\t<meta property=\"og:image:height\" content=\"962\" \/>\n\t<meta property=\"og:image:type\" content=\"image\/jpeg\" \/>\n<meta name=\"twitter:card\" content=\"summary_large_image\" \/>\n<meta name=\"twitter:label1\" content=\"Dur\u00e9e de lecture estim\u00e9e\" \/>\n\t<meta name=\"twitter:data1\" content=\"3 minutes\" \/>\n<script type=\"application\/ld+json\" class=\"yoast-schema-graph\">{\"@context\":\"https:\/\/schema.org\",\"@graph\":[{\"@type\":\"WebPage\",\"@id\":\"https:\/\/festifs-event.com\/\",\"url\":\"https:\/\/festifs-event.com\/\",\"name\":\"Accueil - Festifs-Event\",\"isPartOf\":{\"@id\":\"https:\/\/festifs-event.com\/#website\"},\"primaryImageOfPage\":{\"@id\":\"https:\/\/festifs-event.com\/#primaryimage\"},\"image\":{\"@id\":\"https:\/\/festifs-event.com\/#primaryimage\"},\"thumbnailUrl\":\"https:\/\/festifs-event.com\/wp-content\/uploads\/2020\/06\/limou.jpg\",\"datePublished\":\"2020-06-12T07:17:10+00:00\",\"dateModified\":\"2026-02-09T12:03:31+00:00\",\"breadcrumb\":{\"@id\":\"https:\/\/festifs-event.com\/#breadcrumb\"},\"inLanguage\":\"fr-FR\",\"potentialAction\":[{\"@type\":\"ReadAction\",\"target\":[\"https:\/\/festifs-event.com\/\"]}]},{\"@type\":\"ImageObject\",\"inLanguage\":\"fr-FR\",\"@id\":\"https:\/\/festifs-event.com\/#primaryimage\",\"url\":\"https:\/\/festifs-event.com\/wp-content\/uploads\/2020\/06\/limou.jpg\",\"contentUrl\":\"https:\/\/festifs-event.com\/wp-content\/uploads\/2020\/06\/limou.jpg\",\"width\":1280,\"height\":962,\"caption\":\"location de limousine\"},{\"@type\":\"BreadcrumbList\",\"@id\":\"https:\/\/festifs-event.com\/#breadcrumb\",\"itemListElement\":[{\"@type\":\"ListItem\",\"position\":1,\"name\":\"Accueil\",\"item\":\"https:\/\/festifs-event.com\/\"},{\"@type\":\"ListItem\",\"position\":2,\"name\":\"Accueil\"}]},{\"@type\":\"WebSite\",\"@id\":\"https:\/\/festifs-event.com\/#website\",\"url\":\"https:\/\/festifs-event.com\/\",\"name\":\"Festifs-Event\",\"description\":\"Location de mat\u00e9riel pour mariages f\u00eates et bapt\u00eames sur le bassin d&#039;Arcachon\",\"publisher\":{\"@id\":\"https:\/\/festifs-event.com\/#organization\"},\"potentialAction\":[{\"@type\":\"SearchAction\",\"target\":{\"@type\":\"EntryPoint\",\"urlTemplate\":\"https:\/\/festifs-event.com\/?s={search_term_string}\"},\"query-input\":{\"@type\":\"PropertyValueSpecification\",\"valueRequired\":true,\"valueName\":\"search_term_string\"}}],\"inLanguage\":\"fr-FR\"},{\"@type\":\"Organization\",\"@id\":\"https:\/\/festifs-event.com\/#organization\",\"name\":\"Festifs-Event\",\"url\":\"https:\/\/festifs-event.com\/\",\"logo\":{\"@type\":\"ImageObject\",\"inLanguage\":\"fr-FR\",\"@id\":\"https:\/\/festifs-event.com\/#\/schema\/logo\/image\/\",\"url\":\"https:\/\/festifs-event.com\/wp-content\/uploads\/2020\/06\/cropped-unnamed.png\",\"contentUrl\":\"https:\/\/festifs-event.com\/wp-content\/uploads\/2020\/06\/cropped-unnamed.png\",\"width\":628,\"height\":329,\"caption\":\"Festifs-Event\"},\"image\":{\"@id\":\"https:\/\/festifs-event.com\/#\/schema\/logo\/image\/\"}}]}<\/script>\n<!-- \/ Yoast SEO plugin. -->","yoast_head_json":{"title":"Accueil - Festifs-Event","robots":{"index":"index","follow":"follow","max-snippet":"max-snippet:-1","max-image-preview":"max-image-preview:large","max-video-preview":"max-video-preview:-1"},"canonical":"https:\/\/festifs-event.com\/","og_locale":"fr_FR","og_type":"article","og_title":"Accueil - Festifs-Event","og_description":"Festifs Event PR\u00c9SENTATION Festifs Event est votre nouveau prestataire pour l&rsquo;\u00e9v\u00e9nementiel, tables, chaises, chapiteaux, mange-debout, sans oublier les enfants : structures gonflables, candy bar, barbe&hellip;","og_url":"https:\/\/festifs-event.com\/","og_site_name":"Festifs-Event","article_modified_time":"2026-02-09T12:03:31+00:00","og_image":[{"width":1280,"height":962,"url":"https:\/\/festifs-event.com\/wp-content\/uploads\/2020\/06\/limou.jpg","type":"image\/jpeg"}],"twitter_card":"summary_large_image","twitter_misc":{"Dur\u00e9e de lecture estim\u00e9e":"3 minutes"},"schema":{"@context":"https:\/\/schema.org","@graph":[{"@type":"WebPage","@id":"https:\/\/festifs-event.com\/","url":"https:\/\/festifs-event.com\/","name":"Accueil - Festifs-Event","isPartOf":{"@id":"https:\/\/festifs-event.com\/#website"},"primaryImageOfPage":{"@id":"https:\/\/festifs-event.com\/#primaryimage"},"image":{"@id":"https:\/\/festifs-event.com\/#primaryimage"},"thumbnailUrl":"https:\/\/festifs-event.com\/wp-content\/uploads\/2020\/06\/limou.jpg","datePublished":"2020-06-12T07:17:10+00:00","dateModified":"2026-02-09T12:03:31+00:00","breadcrumb":{"@id":"https:\/\/festifs-event.com\/#breadcrumb"},"inLanguage":"fr-FR","potentialAction":[{"@type":"ReadAction","target":["https:\/\/festifs-event.com\/"]}]},{"@type":"ImageObject","inLanguage":"fr-FR","@id":"https:\/\/festifs-event.com\/#primaryimage","url":"https:\/\/festifs-event.com\/wp-content\/uploads\/2020\/06\/limou.jpg","contentUrl":"https:\/\/festifs-event.com\/wp-content\/uploads\/2020\/06\/limou.jpg","width":1280,"height":962,"caption":"location de limousine"},{"@type":"BreadcrumbList","@id":"https:\/\/festifs-event.com\/#breadcrumb","itemListElement":[{"@type":"ListItem","position":1,"name":"Accueil","item":"https:\/\/festifs-event.com\/"},{"@type":"ListItem","position":2,"name":"Accueil"}]},{"@type":"WebSite","@id":"https:\/\/festifs-event.com\/#website","url":"https:\/\/festifs-event.com\/","name":"Festifs-Event","description":"Location de mat\u00e9riel pour mariages f\u00eates et bapt\u00eames sur le bassin d&#039;Arcachon","publisher":{"@id":"https:\/\/festifs-event.com\/#organization"},"potentialAction":[{"@type":"SearchAction","target":{"@type":"EntryPoint","urlTemplate":"https:\/\/festifs-event.com\/?s={search_term_string}"},"query-input":{"@type":"PropertyValueSpecification","valueRequired":true,"valueName":"search_term_string"}}],"inLanguage":"fr-FR"},{"@type":"Organization","@id":"https:\/\/festifs-event.com\/#organization","name":"Festifs-Event","url":"https:\/\/festifs-event.com\/","logo":{"@type":"ImageObject","inLanguage":"fr-FR","@id":"https:\/\/festifs-event.com\/#\/schema\/logo\/image\/","url":"https:\/\/festifs-event.com\/wp-content\/uploads\/2020\/06\/cropped-unnamed.png","contentUrl":"https:\/\/festifs-event.com\/wp-content\/uploads\/2020\/06\/cropped-unnamed.png","width":628,"height":329,"caption":"Festifs-Event"},"image":{"@id":"https:\/\/festifs-event.com\/#\/schema\/logo\/image\/"}}]}},"_links":{"self":[{"href":"https:\/\/festifs-event.com\/index.php\/wp-json\/wp\/v2\/pages\/25","targetHints":{"allow":["GET"]}}],"collection":[{"href":"https:\/\/festifs-event.com\/index.php\/wp-json\/wp\/v2\/pages"}],"about":[{"href":"https:\/\/festifs-event.com\/index.php\/wp-json\/wp\/v2\/types\/page"}],"author":[{"embeddable":true,"href":"https:\/\/festifs-event.com\/index.php\/wp-json\/wp\/v2\/users\/2"}],"replies":[{"embeddable":true,"href":"https:\/\/festifs-event.com\/index.php\/wp-json\/wp\/v2\/comments?post=25"}],"version-history":[{"count":51,"href":"https:\/\/festifs-event.com\/index.php\/wp-json\/wp\/v2\/pages\/25\/revisions"}],"predecessor-version":[{"id":732,"href":"https:\/\/festifs-event.com\/index.php\/wp-json\/wp\/v2\/pages\/25\/revisions\/732"}],"wp:featuredmedia":[{"embeddable":true,"href":"https:\/\/festifs-event.com\/index.php\/wp-json\/wp\/v2\/media\/214"}],"wp:attachment":[{"href":"https:\/\/festifs-event.com\/index.php\/wp-json\/wp\/v2\/media?parent=25"}],"curies":[{"name":"wp","href":"https:\/\/api.w.org\/{rel}","templated":true}]}}